{"id":12,"date":"2023-01-10T22:59:14","date_gmt":"2023-01-11T01:59:14","guid":{"rendered":"https:\/\/route66recife.com.br\/?post_type=product&#038;p=12"},"modified":"2023-01-10T23:00:05","modified_gmt":"2023-01-11T02:00:05","slug":"capacete-moto-pt-sanmarino-1001","status":"publish","type":"product","link":"https:\/\/route66recife.com.br\/?product=capacete-moto-pt-sanmarino-1001","title":{"rendered":"CAPACETE MOTO PT SANMARINO, 1001"},"content":{"rendered":"<p>TEMOS LIMPA VISEIRA: CODIGO 29092-0. Produto fabricado pela marca SANMARINO. SANMARINO \u00e9 um parceiro confi\u00e1vel, voc\u00ea pode confiar!<\/p>\n","protected":false},"excerpt":{"rendered":"<p>TEMOS LIMPA VISEIRA: CODIGO 29092-0. Produto fabricado pela marca SANMARINO. SANMARINO \u00e9 um parceiro confi\u00e1vel, voc\u00ea pode confiar!<\/p>\n","protected":false},"featured_media":22,"comment_status":"open","ping_status":"closed","template":"","meta":[],"product_brand":[],"product_cat":[15],"product_tag":[25,29,28,26,27,24,30],"class_list":{"0":"post-12","1":"product","2":"type-product","3":"status-publish","4":"has-post-thumbnail","6":"product_cat-capacetes","7":"product_tag-capacete","8":"product_tag-capacete-amarelo","9":"product_tag-capacete-azul","10":"product_tag-capacete-de-moto","11":"product_tag-capacete-vermelho","12":"product_tag-capacetes","13":"product_tag-capassete","15":"first","16":"instock","17":"shipping-taxable","18":"purchasable","19":"product-type-variable"},"_links":{"self":[{"href":"https:\/\/route66recife.com.br\/index.php?rest_route=\/wp\/v2\/product\/12","targetHints":{"allow":["GET"]}}],"collection":[{"href":"https:\/\/route66recife.com.br\/index.php?rest_route=\/wp\/v2\/product"}],"about":[{"href":"https:\/\/route66recife.com.br\/index.php?rest_route=\/wp\/v2\/types\/product"}],"replies":[{"embeddable":true,"href":"https:\/\/route66recife.com.br\/index.php?rest_route=%2Fwp%2Fv2%2Fcomments&post=12"}],"wp:featuredmedia":[{"embeddable":true,"href":"https:\/\/route66recife.com.br\/index.php?rest_route=\/wp\/v2\/media\/22"}],"wp:attachment":[{"href":"https:\/\/route66recife.com.br\/index.php?rest_route=%2Fwp%2Fv2%2Fmedia&parent=12"}],"wp:term":[{"taxonomy":"product_brand","embeddable":true,"href":"https:\/\/route66recife.com.br\/index.php?rest_route=%2Fwp%2Fv2%2Fproduct_brand&post=12"},{"taxonomy":"product_cat","embeddable":true,"href":"https:\/\/route66recife.com.br\/index.php?rest_route=%2Fwp%2Fv2%2Fproduct_cat&post=12"},{"taxonomy":"product_tag","embeddable":true,"href":"https:\/\/route66recife.com.br\/index.php?rest_route=%2Fwp%2Fv2%2Fproduct_tag&post=12"}],"curies":[{"name":"wp","href":"https:\/\/api.w.org\/{rel}","templated":true}]}}